{"id":3,"date":"2023-05-09T07:02:19","date_gmt":"2023-05-09T07:02:19","guid":{"rendered":"http:\/\/elbapromotion.cambia-marketing.it\/?page_id=3"},"modified":"2023-09-28T07:45:04","modified_gmt":"2023-09-28T07:45:04","slug":"privacy-policy","status":"publish","type":"page","link":"https:\/\/elbapromotion.com\/en\/privacy-policy\/","title":{"rendered":"Privacy Policy"},"content":{"rendered":"<p><\/p>\n\n\n\n<p>Informativa obbligatoria ai sensi del D.Lgs. 196\/2003 &#8211; Codice della Privacy<br>La nostra centrale prenotazioni opera nel rispetto della citata legge sulla privacy. Pertanto, in esecuzione dei servizi richiesti, il cliente acconsente in modo esplicito al trattamento dei dati personali forniti e al loro conseguente utilizzo per gli adempimenti commerciali, amministrativi, fiscali ed eventuali successive comunicazioni inerenti la nostra attivit\u00e0.<\/p>\n\n\n\n<p>In relazione alle modalit\u00e0 di trattamento, si informa che:<\/p>\n\n\n\n<p><br>I dati personali acquisiti verranno raccolti e utilizzati in modo lecito, con sistemi informatici e cartacei, nel rispetto dei principi stabiliti dalla normativa vigente in materia di protezione di dati (Regolamento UE n. 679 del 2016) esclusivamente per soddisfare i servizi richiesti, anche quando tali dati verranno messi a disposizione di altri soggetti partner del servizio stesso.&nbsp;<\/p>\n\n\n\n<p><br>L\u2019acquisizione dei dati personali che riguardano il cliente \u00e8 condizione necessaria per fornire i servizi richiesti. In mancanza, non sar\u00e0 possibile eseguire i servizi richiesti ed adempiere ai conseguenti obblighi connessi con l\u2019esecuzione di tali servizi.&nbsp;<\/p>\n\n\n\n<p><strong><em>Informativa generale in materia di protezione dei dati personali&nbsp;<\/em><\/strong><\/p>\n\n\n\n<p><strong><em>(ai sensi del regolamento UE 2016\/679 e del DLgs. 196\/2003)<\/em><\/strong><\/p>\n\n\n\n<p><strong>PREMESSA&nbsp;<\/strong><\/p>\n\n\n\n<p>La nostra Societ\u00e0, Consorzio Servizi Albergatori &#8211; Soc. Coop.va ., svolge attivit\u00e0 di servizi alle aziende associate compreso quello di Agenzia Viaggi (Ilva Viaggi &#8211; Autorizzazione &nbsp;n. &nbsp;129 del 15-12-1997) &nbsp;&nbsp;Tale nostro impegno prevede naturalmente il trattamento dei dati relativi alle persone che, compilando moduli appositamente predisposti o su loro spontanea richiesta, si rivolgono a noi per partecipare prenotare soggiorni presso le aziende affilate o per richiedere servizi di assistenza e consulenza, che promuoviamo tramite contatti diretti o inserzioni &nbsp;<\/p>\n\n\n\n<p>Dati della societ\u00e0: &nbsp; CONSORZIO SERVIZI ALBERGATORI &nbsp;&#8211; Soc. Coop.va&nbsp; Piazza Virgilio, 35&nbsp;&#8211; 57037 Portoferraio (LI) Cod. Fisc. e &nbsp;P.IVA 00324500495 &nbsp;Legale Rappresentante e Titolare del Trattamento: &nbsp;Ing. Emilio Massimo de Ferrari Email: elbahotel@gmail.com &#8211; Pec: assoelba@legalmail.it<\/p>\n\n\n\n<p><strong>FINALITA&#8217; DEL TRATTAMENTO DEI DATI<\/strong><\/p>\n\n\n\n<p>I dati che noi raccogliamo in forma cartacea e su supporto magnetico, elettronico o telematico, sono trattati al fine di svolgere attivit\u00e0 di agenzia viaggio, di assistenza e consulenza, nell&#8217;interesse delle strutture ricettive dei clienti e degli Enti, Organizzazioni e Societ\u00e0 coinvolte nell\u2019organizzazione di pacchetti turistici o per la nostra struttura organizzativa. In particolare i dati raccolti sono poi trattati ed utilizzati direttamente per adempiere a finalit\u00e0 strumentali al compimento dell\u2019attivit\u00e0 &nbsp;quali gestione attivit\u00e0, archiviazione, fatturazione, elaborazione, nel completo rispetto del principio della correttezza e delle disposizioni di legge.&nbsp;<\/p>\n\n\n\n<p><strong>MODALITA&#8217; DI RACCOLTA E TRATTAMENTO DEI DATI&nbsp;<\/strong><\/p>\n\n\n\n<p>La raccolta dei dati avviene mediante invio a Consorzio Servizi Albergatori &#8211; Soc. Coop.va \u2013 Ilva Viaggi, in forma cartacea o su supporto magnetico, elettronico o telematico, delle informazioni relative ai propri dati anagrafici che vengono inseriti tramite compilazione di un&#8217;apposita scheda intervista. La raccolta dei dati riguarda soltanto i dati comuni che saranno oggetto di trattamento per le finalit\u00e0 indicate e in conformit\u00e0 con quanto previsto dal Dlgs n. 196\/2003. Invitiamo, pertanto, a non conferire dati idonei a rivelare lo stato di salute (es. stato di invalidit\u00e0), l&#8217;origine razziale ed etnica, le convinzioni religiose, le opinioni politiche, la vita sessuale e tutte le informazioni qualificabili come dati sensibili ai sensi del Dlgs n. 196\/2003. I dati sono trattati ad opera di soggetti interni appositamente incaricati. I dati sono conservati per 10 anni, salvo espresso richiesta di cancellazione da parte dell&#8217;interessato, in archivi cartacei, informatici e telematici e sono assicurate le misure di sicurezza minime previste dal legislatore.&nbsp;<\/p>\n\n\n\n<p><strong>COMUNICAZIONE E DIFFUSIONE DEI DATI&nbsp;<\/strong><\/p>\n\n\n\n<p>I dati raccolti non saranno diffusi, venduti o scambiati con soggetti terzi, salvo eventuali comunicazioni a terzi per lo svolgimento di attivit\u00e0 funzionali alla societ\u00e0, quali quelle amministrative, contabili e fiscali e salvo qualora ci\u00f2 sia indispensabile al fine di esecuzione degli obblighi assunti dalle parti Per il perseguimento delle finalit\u00e0 sopraindicate, i dati personali trattati potranno essere inoltre comunicati, previo suo formale consenso, ad Aziende clienti con l&#8217;invito a trattarli con la stessa riservatezza da noi sempre utilizzata e in ogni caso nel pieno rispetto della normativa vigente che tutela la privacy personale. In tali casi l\u2019utilizzo da parte dei terzi dovr\u00e0 avvenire nel completo rispetto del principio della correttezza e delle disposizioni di legge.&nbsp;<\/p>\n\n\n\n<p><strong>DIRITTI DELL&#8217;INTERESSATO&nbsp;<\/strong><\/p>\n\n\n\n<p>In ogni momento l&#8217;interessato potr\u00e0 esercitare i Suoi diritti nei confronti del titolare del trattamento, ai sensi del regolamento UE 2016\/679<\/p>\n\n\n\n<p><strong>NATURA DEL CONFERIMENTO &#8211; CONSEGUENZE DEL RIFIUTO DEL CONSENSO&nbsp;<\/strong><\/p>\n\n\n\n<p>Il conferimento dei dati personali rilasciati \u00e8 facoltativo, peraltro il suo rifiuto a fornirli e al successivo trattamento, determiner\u00e0 l&#8217;impossibilit\u00e0 di procedere con le prenotazioni dei servizi richiesti. Ai sensi dell\u2019art. 24 D. Lgs. 196\/2003 il consenso al trattamento dei suddetti dati non \u00e8 necessario in quanto gli stessi sono raccolti per adempiere ad obbligo di legge o per l\u2019esecuzione di obblighi derivanti da contratto. I dati saranno conservati per il tempo necessario all\u2019espletamento delle finalit\u00e0 contabili e fiscali secondo quanto previsto dalla legge e comunque non oltre 10 anni dalla cessazione del rapporto istituito.&nbsp;<\/p>\n\n\n\n<p><strong>ULTERIORI INFORMAZIONI&nbsp;<\/strong><\/p>\n\n\n\n<p>Ulteriori informazioni possono essere richieste al personale della societ\u00e0 che \u00e8 a disposizione per ogni chiarimento.&nbsp;<\/p>\n\n\n\n<p><em>Se \u00e8 interessato a ricevere in futuro, all\u2019indirizzo da lei indicato, la nostra newsletter\/periodiche informative sulle nostre tariffe e offerte speciali, dovr\u00e0 fornirci apposito consenso compilando l\u2019apposita scheda&nbsp;<\/em><a href=\"https:\/\/docs.google.com\/forms\/d\/e\/1FAIpQLSeP-1LgriffORVHrOedyZzI-GxJStOTNf3IUpjKVVJ8AUOmkQ\/viewform?usp=pp_url\"><em>Clicca qui<\/em><\/a><em>&nbsp;. &nbsp;Potr\u00e0 comunque successivamente, in ogni momento, revocare tale consenso, rivolgendosi a: Consorzio servizi Albergatori \u2013 Soc. Coop.va&nbsp;Piazza Virgilio, 35 \u2013 57037 Portoferraio (LI), anche telefonando al 0565 919620 o inviando e-mail a:&nbsp;<\/em><a href=\"mailto:elbahotel@gmail.com\"><em>elbahotel@gmail.com<\/em><\/a><em>&nbsp; &nbsp;<\/em><\/p>\n\n\n\n<p><strong>INFO LEGALI<\/strong><\/p>\n\n\n\n<p>Consorzio Servizi Albergatori &#8211; Soc. Coop.va<br>Piazza Virgilio, 35&nbsp;&#8211; 57037 Portoferraio<br>CCIAA di Livorno REA 56478 \u2013 Albo Soc. Coop.ve n. A123701<br>Tel. 0565\/ 919611 Fax 93.03.42 e-mail:&nbsp;elbahotel@gmail.com<br>Agenzia Viaggi Autorizzazione n. 129 del 15-12-1997<br>Cod. Fisc. e P.IVA 00324500495<\/p>","protected":false},"excerpt":{"rendered":"<p>Informativa obbligatoria ai sensi del D.Lgs. 196\/2003 &#8211; Codice della PrivacyLa nostra centrale prenotazioni opera nel rispetto della citata legge sulla privacy. Pertanto, in esecuzione dei servizi richiesti, il cliente acconsente in modo esplicito al trattamento dei dati personali forniti e al loro conseguente utilizzo per gli adempimenti commerciali, amministrativi, fiscali ed eventuali successive comunicazioni [&hellip;]<\/p>","protected":false},"author":1,"featured_media":0,"parent":0,"menu_order":0,"comment_status":"closed","ping_status":"open","template":"","meta":{"footnotes":""},"class_list":["post-3","page","type-page","status-publish","hentry"],"_links":{"self":[{"href":"https:\/\/elbapromotion.com\/en\/wp-json\/wp\/v2\/pages\/3","targetHints":{"allow":["GET"]}}],"collection":[{"href":"https:\/\/elbapromotion.com\/en\/wp-json\/wp\/v2\/pages"}],"about":[{"href":"https:\/\/elbapromotion.com\/en\/wp-json\/wp\/v2\/types\/page"}],"author":[{"embeddable":true,"href":"https:\/\/elbapromotion.com\/en\/wp-json\/wp\/v2\/users\/1"}],"replies":[{"embeddable":true,"href":"https:\/\/elbapromotion.com\/en\/wp-json\/wp\/v2\/comments?post=3"}],"version-history":[{"count":1,"href":"https:\/\/elbapromotion.com\/en\/wp-json\/wp\/v2\/pages\/3\/revisions"}],"predecessor-version":[{"id":2129,"href":"https:\/\/elbapromotion.com\/en\/wp-json\/wp\/v2\/pages\/3\/revisions\/2129"}],"wp:attachment":[{"href":"https:\/\/elbapromotion.com\/en\/wp-json\/wp\/v2\/media?parent=3"}],"curies":[{"name":"wp","href":"https:\/\/api.w.org\/{rel}","templated":true}]}}