{"id":2432,"date":"2024-04-10T06:45:11","date_gmt":"2024-04-10T06:45:11","guid":{"rendered":"https:\/\/elbapromotion.com\/?page_id=2432"},"modified":"2026-04-15T07:48:38","modified_gmt":"2026-04-15T07:48:38","slug":"come-arrivare","status":"publish","type":"page","link":"https:\/\/elbapromotion.com\/de\/come-arrivare\/","title":{"rendered":"Ankunft"},"content":{"rendered":"<div data-elementor-type=\"wp-page\" data-elementor-id=\"2432\" class=\"elementor elementor-2432\" data-elementor-post-type=\"page\">\n\t\t\t\t\t\t<section class=\"elementor-section elementor-top-section elementor-element elementor-element-d947c5c elementor-section-full_width elementor-section-height-min-height elementor-section-height-default elementor-section-items-middle\" data-id=\"d947c5c\" data-element_type=\"section\" data-settings=\"{&quot;background_background&quot;:&quot;classic&quot;}\">\n\t\t\t\t\t\t<div class=\"elementor-container elementor-column-gap-default\">\n\t\t\t\t\t<div class=\"elementor-column elementor-col-100 elementor-top-column elementor-element elementor-element-fda5461\" data-id=\"fda5461\" data-element_type=\"column\">\n\t\t\t<div class=\"elementor-widget-wrap\">\n\t\t\t\t\t\t\t<\/div>\n\t\t<\/div>\n\t\t\t\t\t<\/div>\n\t\t<\/section>\n\t\t\t\t<section class=\"elementor-section elementor-top-section elementor-element elementor-element-f54f4c2 elementor-section-full_width elementor-section-height-default elementor-section-height-default\" data-id=\"f54f4c2\" data-element_type=\"section\">\n\t\t\t\t\t\t<div class=\"elementor-container elementor-column-gap-default\">\n\t\t\t\t\t<div class=\"elementor-column elementor-col-50 elementor-top-column elementor-element elementor-element-0f3b5bc\" data-id=\"0f3b5bc\" data-element_type=\"column\">\n\t\t\t<div class=\"elementor-widget-wrap elementor-element-populated\">\n\t\t\t\t\t\t<section class=\"elementor-section elementor-inner-section elementor-element elementor-element-b60b197 elementor-section-full_width elementor-section-height-default elementor-section-height-default\" data-id=\"b60b197\" data-element_type=\"section\" data-settings=\"{&quot;sticky&quot;:&quot;top&quot;,&quot;sticky_offset&quot;:130,&quot;sticky_parent&quot;:&quot;yes&quot;,&quot;sticky_on&quot;:[&quot;desktop&quot;,&quot;tablet&quot;,&quot;mobile&quot;],&quot;sticky_effects_offset&quot;:0,&quot;sticky_anchor_link_offset&quot;:0}\">\n\t\t\t\t\t\t<div class=\"elementor-container elementor-column-gap-default\">\n\t\t\t\t\t<div class=\"elementor-column elementor-col-100 elementor-inner-column elementor-element elementor-element-1794285\" data-id=\"1794285\" data-element_type=\"column\">\n\t\t\t<div class=\"elementor-widget-wrap elementor-element-populated\">\n\t\t\t\t\t\t<div class=\"elementor-element elementor-element-7a62ef0 elementor-widget elementor-widget-heading\" data-id=\"7a62ef0\" data-element_type=\"widget\" data-widget_type=\"heading.default\">\n\t\t\t\t<div class=\"elementor-widget-container\">\n\t\t\t\t\t<h2 class=\"elementor-heading-title elementor-size-default\">Ankunft <br>Die F\u00e4hren<br><br><\/h2>\t\t\t\t<\/div>\n\t\t\t\t<\/div>\n\t\t\t\t\t<\/div>\n\t\t<\/div>\n\t\t\t\t\t<\/div>\n\t\t<\/section>\n\t\t\t\t\t<\/div>\n\t\t<\/div>\n\t\t\t\t<div class=\"elementor-column elementor-col-50 elementor-top-column elementor-element elementor-element-117e08d\" data-id=\"117e08d\" data-element_type=\"column\">\n\t\t\t<div class=\"elementor-widget-wrap elementor-element-populated\">\n\t\t\t\t\t\t<div class=\"elementor-element elementor-element-7ad27ed elementor-widget elementor-widget-text-editor\" data-id=\"7ad27ed\" data-element_type=\"widget\" data-widget_type=\"text-editor.default\">\n\t\t\t\t<div class=\"elementor-widget-container\">\n\t\t\t\t\t\t\t\t\t<p>Sono tre le compagnie che raggiungono l&#8217;isola d&#8217;Elba:<b> Blunavy, Moby Lines e Toremar<\/b>. La frequenza dei collegamenti varia secondo il periodo dell&#8217;anno, nei mesi estivi numerose corse giornaliere collegano il porto di Piombino con l&#8217;isola d&#8217;Elba.\u00a0<\/p><p>La traversata \u00e8 di circa <b>60 Minuten <\/b>e la meta di arrivo \u00e8 <b>Portoferraio <\/b>(sono disponibili anche corse anche su Rio Marina e Cavo). Con auto al seguito la prenotazione del traghetto \u00e8 sempre consigliabile, in modo particolare per il ponte di Pasqua, nelle festivit\u00e0 del 25 Aprile e 1\u00b0 Maggio, e nei fine settimana di Luglio e Agosto. Nei periodi di maggior afflusso turistico, oltre ad avere il biglietto gi\u00e0 prenotato \u00e8 consigliato arrivare al porto con almeno 40 minuti di anticipo per evitare code e spiacevoli ritardi. Se volete lasciare la vostra auto al porto di Piombino e salire sul traghetto solo come passeggero sono disponibili diversi parcheggi coperti o custoditi, gratuiti o a pagamento. Tra questi: parcheggio<b> Autorimessa del Porto e Garage Permare<\/b>. Per maggiori informazioni su costi e disponibilit\u00e0 vi consigliamo di contattarli direttamente. Inoltre all&#8217;Elba sono presenti numerosi <b>zahlreiche Roller<\/b> und Mietwagen (z.B. Rent 2P und Elba Servizi f\u00fcr Autos)<\/p><p>Bitte kontaktieren Sie <b>info@elbapromotion.it<\/b> sar\u00e0 possibile prenotare il traghetto a tariffa scontata (promozione subordinata alla prenotazione presso una delle strutture presenti nel sito) grazie alla convenzione stipulata con la compagnia di navigazione Blu Navy.<\/p>\t\t\t\t\t\t\t\t<\/div>\n\t\t\t\t<\/div>\n\t\t\t\t\t<\/div>\n\t\t<\/div>\n\t\t\t\t\t<\/div>\n\t\t<\/section>\n\t\t\t\t<section class=\"elementor-section elementor-top-section elementor-element elementor-element-abad743 elementor-section-full_width elementor-section-height-default elementor-section-height-default\" data-id=\"abad743\" data-element_type=\"section\">\n\t\t\t\t\t\t<div class=\"elementor-container elementor-column-gap-default\">\n\t\t\t\t\t<div class=\"elementor-column elementor-col-100 elementor-top-column elementor-element elementor-element-b116a7b\" data-id=\"b116a7b\" data-element_type=\"column\">\n\t\t\t<div class=\"elementor-widget-wrap elementor-element-populated\">\n\t\t\t\t\t\t<div class=\"elementor-element elementor-element-360b76c elementor-widget elementor-widget-heading\" data-id=\"360b76c\" data-element_type=\"widget\" data-widget_type=\"heading.default\">\n\t\t\t\t<div class=\"elementor-widget-container\">\n\t\t\t\t\t<h2 class=\"elementor-heading-title elementor-size-default\">Blu Navy <\/h2>\t\t\t\t<\/div>\n\t\t\t\t<\/div>\n\t\t\t\t<div class=\"elementor-element elementor-element-22e93d2 elementor-widget elementor-widget-text-editor\" data-id=\"22e93d2\" data-element_type=\"widget\" data-widget_type=\"text-editor.default\">\n\t\t\t\t<div class=\"elementor-widget-container\">\n\t\t\t\t\t\t\t\t\t<p>Buchen Sie bei einer unserer Partnereinrichtungen und Sie k\u00f6nnen einen Rabattcode f\u00fcr die Buchung der F\u00e4hre anfordern.\u00a0<\/p>\t\t\t\t\t\t\t\t<\/div>\n\t\t\t\t<\/div>\n\t\t\t\t<div class=\"elementor-element elementor-element-995c23f elementor-widget elementor-widget-html\" data-id=\"995c23f\" data-element_type=\"widget\" data-widget_type=\"html.default\">\n\t\t\t\t<div class=\"elementor-widget-container\">\n\t\t\t\t\t<iframe class=\"blunavyembed\" style=\"border: none; filter: drop-shadow(rgba(0, 0, 0, 0.2) 0px 3px 10px); height: 990px;\" src=\"https:\/\/blunavytraghetti.com\/hotel\/elba-promotion\/?iframe=banner\" width=\"100%\"><\/iframe>\r\n\t\t\t\t<\/div>\n\t\t\t\t<\/div>\n\t\t\t\t<div class=\"elementor-element elementor-element-be6d5e5 elementor-widget elementor-widget-heading\" data-id=\"be6d5e5\" data-element_type=\"widget\" data-widget_type=\"heading.default\">\n\t\t\t\t<div class=\"elementor-widget-container\">\n\t\t\t\t\t<h2 class=\"elementor-heading-title elementor-size-default\">Traghetti Lines<\/h2>\t\t\t\t<\/div>\n\t\t\t\t<\/div>\n\t\t\t\t<div class=\"elementor-element elementor-element-c9d1eed elementor-widget elementor-widget-text-editor\" data-id=\"c9d1eed\" data-element_type=\"widget\" data-widget_type=\"text-editor.default\">\n\t\t\t\t<div class=\"elementor-widget-container\">\n\t\t\t\t\t\t\t\t\t<p><span style=\"font-size: 18px;\">Servizio di biglietteria marittima online fornito dalla societ\u00e0 <b>Prenotazioni24 Srl<\/b>. Il sistema offre il confronto prezzi immediato e la possibilit\u00e0 di acquistare i biglietti di tutte le compagnie marittime che navigano le rotte dell&#8217;isola d&#8217;Elba. In particolare per le compagnie <b>Moby e Toremar,<\/b> gewahrt das System exklusive Rabatte auf den besten verfugbaren Preis.\u00a0\u00a0<\/span><\/p><p>Fordern Sie den Rabattcode von <b>Ilva Viaggi<\/b>, l&#8217;agenzia dell&#8217;Associazione Albergatori Isola d&#8217;Elba, da utilizzare per la tua prenotazione (promozione subordinata alla prenotazione presso una delle strutture presenti nel sito)<\/p>\t\t\t\t\t\t\t\t<\/div>\n\t\t\t\t<\/div>\n\t\t\t\t<div class=\"elementor-element elementor-element-11b0f93 elementor-widget__width-initial elementor-widget elementor-widget-html\" data-id=\"11b0f93\" data-element_type=\"widget\" data-widget_type=\"html.default\">\n\t\t\t\t<div class=\"elementor-widget-container\">\n\t\t\t\t\t<iframe id=\"tlines\" class=\"tlines_frame\" style=\"border: 0px; width: 100%; overflow: hidden; height: 1400px;\" src=\"https:\/\/www.traghettilines.it\/it\/traghetti-isola-d-elba.aspx?AID=9172&amp;iframe_booking=true&amp;v2=true\" scrolling=\"yes\"><\/iframe>\r\n\t\t\t\t<\/div>\n\t\t\t\t<\/div>\n\t\t\t\t\t<\/div>\n\t\t<\/div>\n\t\t\t\t\t<\/div>\n\t\t<\/section>\n\t\t\t\t<section class=\"elementor-section elementor-top-section elementor-element elementor-element-c5d5660 elementor-section-boxed elementor-section-height-default elementor-section-height-default\" data-id=\"c5d5660\" data-element_type=\"section\">\n\t\t\t\t\t\t<div class=\"elementor-container elementor-column-gap-default\">\n\t\t\t\t\t<div class=\"elementor-column elementor-col-100 elementor-top-column elementor-element elementor-element-25f0ab7\" data-id=\"25f0ab7\" data-element_type=\"column\">\n\t\t\t<div class=\"elementor-widget-wrap elementor-element-populated\">\n\t\t\t\t\t\t<div class=\"elementor-element elementor-element-1f547b7 elementor-widget elementor-widget-spacer\" data-id=\"1f547b7\" data-element_type=\"widget\" data-widget_type=\"spacer.default\">\n\t\t\t\t<div class=\"elementor-widget-container\">\n\t\t\t\t\t\t\t<div class=\"elementor-spacer\">\n\t\t\t<div class=\"elementor-spacer-inner\"><\/div>\n\t\t<\/div>\n\t\t\t\t\t\t<\/div>\n\t\t\t\t<\/div>\n\t\t\t\t\t<\/div>\n\t\t<\/div>\n\t\t\t\t\t<\/div>\n\t\t<\/section>\n\t\t\t\t<section class=\"elementor-section elementor-top-section elementor-element elementor-element-2eb538a elementor-section-full_width elementor-section-height-default elementor-section-height-default\" data-id=\"2eb538a\" data-element_type=\"section\">\n\t\t\t\t\t\t<div class=\"elementor-container elementor-column-gap-default\">\n\t\t\t\t\t<div class=\"elementor-column elementor-col-50 elementor-top-column elementor-element elementor-element-b042efc\" data-id=\"b042efc\" data-element_type=\"column\">\n\t\t\t<div class=\"elementor-widget-wrap elementor-element-populated\">\n\t\t\t\t\t\t<div class=\"elementor-element elementor-element-83d1f4c elementor-vertical-align-middle elementor-widget__width-initial elementor-widget elementor-widget-icon-box\" data-id=\"83d1f4c\" data-element_type=\"widget\" data-widget_type=\"icon-box.default\">\n\t\t\t\t<div class=\"elementor-widget-container\">\n\t\t\t\t\t\t\t<div class=\"elementor-icon-box-wrapper\">\n\n\t\t\t\n\t\t\t\t\t\t<div class=\"elementor-icon-box-content\">\n\n\t\t\t\t\t\t\t\t\t<h3 class=\"elementor-icon-box-title\">\n\t\t\t\t\t\t<span  >\n\t\t\t\t\t\t\tFlugzeuge\t\t\t\t\t\t<\/span>\n\t\t\t\t\t<\/h3>\n\t\t\t\t\n\t\t\t\t\t\t\t\t\t<p class=\"elementor-icon-box-description\">\n\t\t\t\t\t\tDer<b>' Aeroporto \"La Pila\"<\/b> dista circa 2 km da Marina di Campo, in posizione centrale e quindi  facilmente raggiungibile da ogni localit\u00e0 dell'Elba. Per informazioni generali potete visitare il sito <b> <a href=\"https:\/\/www.elbaisland-airport.it\">www.elbaisland-airport.it<\/a><\/b><br><br>\n<b>Small Fly<\/b> Die Flugverbindung besteht ganzj\u00e4hrig zwischen der Insel Elba und Pisa und Florenz sowie saisonal nach Mailand-Linate und Rom-Fiumicino. Weitere Informationen und Buchungsm\u00f6glichkeiten finden Sie auf der Website. <b> <a href=\"https:\/\/www.smallfly.eu\">www.smallfly.eu<\/a><\/b>\t\t\t\t\t<\/p>\n\t\t\t\t\n\t\t\t<\/div>\n\t\t\t\n\t\t<\/div>\n\t\t\t\t\t\t<\/div>\n\t\t\t\t<\/div>\n\t\t\t\t<div class=\"elementor-element elementor-element-6524603 elementor-vertical-align-middle elementor-widget__width-initial elementor-widget elementor-widget-icon-box\" data-id=\"6524603\" data-element_type=\"widget\" data-widget_type=\"icon-box.default\">\n\t\t\t\t<div class=\"elementor-widget-container\">\n\t\t\t\t\t\t\t<div class=\"elementor-icon-box-wrapper\">\n\n\t\t\t\n\t\t\t\t\t\t<div class=\"elementor-icon-box-content\">\n\n\t\t\t\t\t\t\t\t\t<h3 class=\"elementor-icon-box-title\">\n\t\t\t\t\t\t<span  >\n\t\t\t\t\t\t\tAeroporto Firenze \"Amerigo Vespucci\"\t\t\t\t\t\t<\/span>\n\t\t\t\t\t<\/h3>\n\t\t\t\t\n\t\t\t\t\t\t\t\t\t<p class=\"elementor-icon-box-description\">\n\t\t\t\t\t\tL'<b>aeroporto di Firenze \"Amerigo Vespucci\"<\/b> \u00e8 collegato al porto di Piombino con un servizio bus effettuato dall'operatore <b>Tiemme - Linea Marebus<\/b> ab dem <b>31. Mai bis zum 11. Oktober<\/b><br>\nF\u00fcr weitere Informationen besuchen Sie die Website  <b><a href=\"https:\/\/www.tiemmespa.it\/i-nostri-servizi\/lineemare\/piombino-firenze\/\" \"=\"\" data-cmp-ab=\"2\">www.tiemmespa.it<\/a> <\/b><br>oder laden Sie die App herunter <b>TIEMME SPA <\/b>im Google Play Store oder Apple Store. <br>La societ\u00e0 TIEMME gestisce in appalto da Trenitalia anche il servizio Freccialink che pu\u00f2 essere acquistato solo dai possessori di un biglietto treno categoria freccia.<br><br>\nPer la tratta da o per gli aeroporti di Pisa e Firenze \u00e8 disponibile anche un <b>.<\/b>. Il costo indicativo con auto fino a 4 persone \u00e8 di<b> euro 250,00 <\/b>f\u00fcr die Strecke von Pisa zum Flughafen und <b>380,00 \u20ac f\u00fcr die Strecke vom Flughafen nach Florenz.<\/b>  Un mezzo fino a 6\/8 posti costa circa 50,00 euro in pi\u00f9 a tratta. <br><br>F\u00fcr Reservierungen:<br><b>Taxi Piombino Sig. Marco +39 335.8330657<br><\/b>\t\t\t\t\t<\/p>\n\t\t\t\t\n\t\t\t<\/div>\n\t\t\t\n\t\t<\/div>\n\t\t\t\t\t\t<\/div>\n\t\t\t\t<\/div>\n\t\t\t\t\t<\/div>\n\t\t<\/div>\n\t\t\t\t<div class=\"elementor-column elementor-col-50 elementor-top-column elementor-element elementor-element-53d7308\" data-id=\"53d7308\" data-element_type=\"column\" data-settings=\"{&quot;background_background&quot;:&quot;classic&quot;}\">\n\t\t\t<div class=\"elementor-widget-wrap elementor-element-populated\">\n\t\t\t\t\t\t<div class=\"elementor-element elementor-element-8e79835 elementor-widget elementor-widget-spacer\" data-id=\"8e79835\" data-element_type=\"widget\" data-widget_type=\"spacer.default\">\n\t\t\t\t<div class=\"elementor-widget-container\">\n\t\t\t\t\t\t\t<div class=\"elementor-spacer\">\n\t\t\t<div class=\"elementor-spacer-inner\"><\/div>\n\t\t<\/div>\n\t\t\t\t\t\t<\/div>\n\t\t\t\t<\/div>\n\t\t\t\t\t<\/div>\n\t\t<\/div>\n\t\t\t\t\t<\/div>\n\t\t<\/section>\n\t\t\t\t<section class=\"elementor-section elementor-top-section elementor-element elementor-element-2e34bd3 elementor-section-full_width elementor-section-height-default elementor-section-height-default\" data-id=\"2e34bd3\" data-element_type=\"section\">\n\t\t\t\t\t\t<div class=\"elementor-container elementor-column-gap-default\">\n\t\t\t\t\t<div class=\"elementor-column elementor-col-50 elementor-top-column elementor-element elementor-element-69ab9f2\" data-id=\"69ab9f2\" data-element_type=\"column\">\n\t\t\t<div class=\"elementor-widget-wrap elementor-element-populated\">\n\t\t\t\t\t\t<div class=\"elementor-element elementor-element-870a7b8 elementor-vertical-align-middle elementor-widget__width-initial elementor-widget elementor-widget-icon-box\" data-id=\"870a7b8\" data-element_type=\"widget\" data-widget_type=\"icon-box.default\">\n\t\t\t\t<div class=\"elementor-widget-container\">\n\t\t\t\t\t\t\t<div class=\"elementor-icon-box-wrapper\">\n\n\t\t\t\n\t\t\t\t\t\t<div class=\"elementor-icon-box-content\">\n\n\t\t\t\t\t\t\t\t\t<h3 class=\"elementor-icon-box-title\">\n\t\t\t\t\t\t<span  >\n\t\t\t\t\t\t\tZ\u00fcge\t\t\t\t\t\t<\/span>\n\t\t\t\t\t<\/h3>\n\t\t\t\t\n\t\t\t\t\t\t\t\t\t<p class=\"elementor-icon-box-description\">\n\t\t\t\t\t\t<b>Wie komme ich mit dem Zug zum Hafen von Piombino?<\/b><br><br>\nPer poter raggiungere il porto di Piombino con il treno \u00e8 necessario scendere alla piccola <b>stazione di Piombino Marittima<\/b>Dort befindet sich ein kleiner Bahnhof. Vom Ausgang des Bahnhofs aus erreicht man bequem sowohl den F\u00e4hrhafen als auch die Anlegestellen. Einige Linien haben <b>Campiglia Marittima<\/b>, da qui \u00e8 necessario fare un cambio treno oppure prendere un autobus che in 20 minuti raggiunge la stazione di Piombino Marittima. Gli autobus in questione partono dal piazzale antistante la stazione dei treni di Campiglia Marittima e solitamente il biglietto del treno comprende anche quello del bus. <br><br>Wir m\u00f6chten darauf hinweisen, dass vom Bahnhof aus <b>Firenze Santa Maria Novella<\/b>  allerdings fahren einige Direktz\u00fcge (ohne Umsteigen am Bahnhof Campiglia Marittima) mit einem Halt am Bahnhof Piombino Marittima ab. \n<br><br>\nF\u00fcr Zugfahrpl\u00e4ne empfehlen wir Ihnen, die Website <b><a href=\"https:\/\/www.trenitalia.it\">www.trenitalia.it<\/a> <\/b><br>Molto utile \u00e8 anche il sito <b><a href=\"https:\/\/www.thetrainline.com\">www.thetrainline.com<\/a> <\/b>dove \u00e8 possibile acquistare i biglietti di Trenitalia, Italo, Trenord ecc.. E' importante fare molta attenzione ad inserire come stazione di arrivo Piombino-Marittima. Vi consigliamo di prenotare i biglietti in anticipo online o presso biglietterie autorizzate, in quanto nella stazione di Piombino Marittima \u00e8 presente una sola macchinetta self-service per i biglietti.<br><br>Freccialink<b> <\/b>\u00e8 un servizio utilizzabile solo da coloro che hanno un biglietto del treno con una delle Frecce.<b>\n<\/b>\nIl costo in taxi per la tratta da Piombino Porto a Campiglia Stazione o viceversa \u00e8 di <b>euro 45,00<\/b> pro Strecke F\u00fcr Reservierungen: <b>Taxi Piombino: Herr. Marco +39 3358330657 <\/b>\t\t\t\t\t<\/p>\n\t\t\t\t\n\t\t\t<\/div>\n\t\t\t\n\t\t<\/div>\n\t\t\t\t\t\t<\/div>\n\t\t\t\t<\/div>\n\t\t\t\t\t<\/div>\n\t\t<\/div>\n\t\t\t\t<div class=\"elementor-column elementor-col-50 elementor-top-column elementor-element elementor-element-6ca9ff7\" data-id=\"6ca9ff7\" data-element_type=\"column\" data-settings=\"{&quot;background_background&quot;:&quot;classic&quot;}\">\n\t\t\t<div class=\"elementor-widget-wrap elementor-element-populated\">\n\t\t\t\t\t\t<div class=\"elementor-element elementor-element-1757925 elementor-widget elementor-widget-spacer\" data-id=\"1757925\" data-element_type=\"widget\" data-widget_type=\"spacer.default\">\n\t\t\t\t<div class=\"elementor-widget-container\">\n\t\t\t\t\t\t\t<div class=\"elementor-spacer\">\n\t\t\t<div class=\"elementor-spacer-inner\"><\/div>\n\t\t<\/div>\n\t\t\t\t\t\t<\/div>\n\t\t\t\t<\/div>\n\t\t\t\t\t<\/div>\n\t\t<\/div>\n\t\t\t\t\t<\/div>\n\t\t<\/section>\n\t\t\t\t<section class=\"elementor-section elementor-top-section elementor-element elementor-element-b4d9fbc elementor-section-full_width elementor-section-height-default elementor-section-height-default\" data-id=\"b4d9fbc\" data-element_type=\"section\">\n\t\t\t\t\t\t<div class=\"elementor-container elementor-column-gap-default\">\n\t\t\t\t\t<div class=\"elementor-column elementor-col-50 elementor-top-column elementor-element elementor-element-4e577a7\" data-id=\"4e577a7\" data-element_type=\"column\">\n\t\t\t<div class=\"elementor-widget-wrap elementor-element-populated\">\n\t\t\t\t\t\t<div class=\"elementor-element elementor-element-df75d04 elementor-vertical-align-middle elementor-widget__width-initial elementor-widget elementor-widget-icon-box\" data-id=\"df75d04\" data-element_type=\"widget\" data-widget_type=\"icon-box.default\">\n\t\t\t\t<div class=\"elementor-widget-container\">\n\t\t\t\t\t\t\t<div class=\"elementor-icon-box-wrapper\">\n\n\t\t\t\n\t\t\t\t\t\t<div class=\"elementor-icon-box-content\">\n\n\t\t\t\t\t\t\t\t\t<h3 class=\"elementor-icon-box-title\">\n\t\t\t\t\t\t<span  >\n\t\t\t\t\t\t\tRumkommen\t\t\t\t\t\t<\/span>\n\t\t\t\t\t<\/h3>\n\t\t\t\t\n\t\t\t\t\t\t\t\t\t<p class=\"elementor-icon-box-description\">\n\t\t\t\t\t\t<b>Wie komme ich um die Insel herum?<\/b><br><br>\nF\u00fcr diejenigen, die sich mit dem eigenen Auto kommen, bietet die Insel Elba ein gutes Stra\u00dfennetz mit verschiedenen landschaftlich reizvollen Routen. In den letzten Jahren sind zahlreiche Ladestationen f\u00fcr Elektroautos von verf\u00fcgbar, darunter einige direkt am Hafen von Portoferraio. Einige S\u00e4ulen werden direkt in Hotels, Campingpl\u00e4tzen und Residenzen installiert. Wenn Sie hier klicken, k\u00f6nnen Sie die Position der Enel X-S\u00e4ulen im Elban-Gebiet anzeigen.  <b><a href=\"https:\/\/www.piattaformaunicanazionale.it\/idr\">klicken hier<\/a> <\/b>Wir erinnern Sie daran, dass es auf der Insel keine Methanverteiler gibt.<br><br>\nWer sich f\u00fcr die \u00dcberfahrt ohne eigenes Fahrzeug entscheidet, kann dieses bei der Agentur <b>Agentur Elba Servizi am Flughafen in La Pila mieten<\/b>Es gibt auch andere Agenturen in der Umgebung, die Autos, Roller, Fahrr\u00e4der usw. vermieten. <b>Ein TAXI-Service steht ebenfalls <\/b>zur Verf\u00fcgung, um sich auf dem Gebiet von Elban fortzubewegen. F\u00fcr Informationen und Reservierungen <b>ufen Sie die mehrsprachige Taxizentrale an, die 24<\/b> Stunden am Tag unter der folgenden Nummer <b>Tel +39 0565 1822.<\/b><br><br><b>Locauto Partnership<\/b><br><br>Dank <b>partnership <\/b>mit <b>Associazione Albergatori Isola D\u2019Elba<\/b> und <b>Locauto<\/b>, sar\u00e0 possibile avere uno <b>15 % Rabatt auf Mietwagen<\/b>. Il codice sconto \u00e8 ad uso esclusivo dei clienti che effettuano una <b>Buchung in einer der angeschlossenen Einrichtungen.<\/b> La prenotazione \u00e8 sempre necessaria e andr\u00e0 effettuata sul sito <b><a href=\"https:\/\/www.locautorent.com\">wwwlocautorent.com<\/a> <\/b> oder in der App<b> Locauto Rent<\/b> disponibile su Google Play Store e Apple Store. Lo sconto \u00e8 attivo sulla quota relativa al noleggio e non su eventuali extra scelti in fase di prenotazione e non \u00e8 applicabile su eventuali altre promozioni.<br><br><b>Busverbindungen<\/b><br><br>All'Isola d'Elba \u00e8 attivo il <b>Autolinee Toscane betriebene Busverkehr aktiv<\/b> Diese Bahnlinie verbindet die verschiedenen Orte der Insel. Tickets sind an der Kasse in Papierform oder online erh\u00e4ltlich. Weitere Informationen finden Sie auf der Website. <a href=\"https:\/\/www.at-bus.it\" data-cmp-ab=\"2\" style=\"font-weight: bold;\">www.at-bus.it\/elba<\/a><b>. <\/b><br> Diese Bahnlinie verbindet die verschiedenen Orte der Insel. Tickets sind an der Kasse in Papierform oder online erh\u00e4ltlich. Weitere Informationen finden Sie auf der Website. <b>Elba Pass, <\/b> un titolo di viaggio speciale con prezzo agevolato che consente spostamenti illimitati sull'isola con l'autobus per 1, 3 o 6 giorni. Si pu\u00f2 acquistare nelle biglietterie di Autolinee Toscane, in tutte le rivendite autorizzate e tramite l'applicazione <b>AT-BUS.<\/b> Il costo di Elba Pass per un giorno \u00e8 di 11,10\u20ac per tre giorni 16,60\u20ac e per 6 giorni 27,60\u20ac \t\t\t\t\t<\/p>\n\t\t\t\t\n\t\t\t<\/div>\n\t\t\t\n\t\t<\/div>\n\t\t\t\t\t\t<\/div>\n\t\t\t\t<\/div>\n\t\t\t\t\t<\/div>\n\t\t<\/div>\n\t\t\t\t<div class=\"elementor-column elementor-col-50 elementor-top-column elementor-element elementor-element-567a958\" data-id=\"567a958\" data-element_type=\"column\" data-settings=\"{&quot;background_background&quot;:&quot;classic&quot;}\">\n\t\t\t<div class=\"elementor-widget-wrap elementor-element-populated\">\n\t\t\t\t\t\t<div class=\"elementor-element elementor-element-48a19d8 elementor-widget elementor-widget-spacer\" data-id=\"48a19d8\" data-element_type=\"widget\" data-widget_type=\"spacer.default\">\n\t\t\t\t<div class=\"elementor-widget-container\">\n\t\t\t\t\t\t\t<div class=\"elementor-spacer\">\n\t\t\t<div class=\"elementor-spacer-inner\"><\/div>\n\t\t<\/div>\n\t\t\t\t\t\t<\/div>\n\t\t\t\t<\/div>\n\t\t\t\t\t<\/div>\n\t\t<\/div>\n\t\t\t\t\t<\/div>\n\t\t<\/section>\n\t\t\t\t<\/div>","protected":false},"excerpt":{"rendered":"<p>Come Arrivare I Traghetti Sono tre le compagnie che raggiungono l&#8217;isola d&#8217;Elba: Blunavy, Moby Lines e Toremar. La frequenza dei collegamenti varia secondo il periodo dell&#8217;anno, nei mesi estivi numerose corse giornaliere collegano il porto di Piombino con l&#8217;isola d&#8217;Elba.\u00a0 La traversata \u00e8 di circa 60 minuti e la meta di arrivo \u00e8 Portoferraio (sono [&hellip;]<\/p>","protected":false},"author":1,"featured_media":0,"parent":0,"menu_order":0,"comment_status":"closed","ping_status":"closed","template":"elementor_header_footer","meta":{"footnotes":""},"class_list":["post-2432","page","type-page","status-publish","hentry"],"_links":{"self":[{"href":"https:\/\/elbapromotion.com\/de\/wp-json\/wp\/v2\/pages\/2432","targetHints":{"allow":["GET"]}}],"collection":[{"href":"https:\/\/elbapromotion.com\/de\/wp-json\/wp\/v2\/pages"}],"about":[{"href":"https:\/\/elbapromotion.com\/de\/wp-json\/wp\/v2\/types\/page"}],"author":[{"embeddable":true,"href":"https:\/\/elbapromotion.com\/de\/wp-json\/wp\/v2\/users\/1"}],"replies":[{"embeddable":true,"href":"https:\/\/elbapromotion.com\/de\/wp-json\/wp\/v2\/comments?post=2432"}],"version-history":[{"count":5,"href":"https:\/\/elbapromotion.com\/de\/wp-json\/wp\/v2\/pages\/2432\/revisions"}],"predecessor-version":[{"id":4388,"href":"https:\/\/elbapromotion.com\/de\/wp-json\/wp\/v2\/pages\/2432\/revisions\/4388"}],"wp:attachment":[{"href":"https:\/\/elbapromotion.com\/de\/wp-json\/wp\/v2\/media?parent=2432"}],"curies":[{"name":"wp","href":"https:\/\/api.w.org\/{rel}","templated":true}]}}